{"id":6756,"date":"2026-02-23T12:30:16","date_gmt":"2026-02-23T09:30:16","guid":{"rendered":"https:\/\/www.sapphirehairclinic.com\/vorher-nachher\/"},"modified":"2026-03-26T23:36:27","modified_gmt":"2026-03-26T20:36:27","slug":"vorher-nachher","status":"publish","type":"page","link":"https:\/\/www.sapphirehairclinic.com\/de\/vorher-nachher\/","title":{"rendered":"Haartransplantation T\u00fcrkei Vorher &#038; Nachher"},"content":{"rendered":"<h2>Haartransplantation In Der T\u00fcrkei Vorher Nachher: Was Sie Von Der Beratung Bis Zum Endergebnis Erwarten K\u00f6nnen<\/h2>\n<p>Vorher-Nachher-Ergebnisse einer Haartransplantation in der T\u00fcrkei k\u00f6nnen sehr eindrucksvoll ausfallen, wenn der Behandlungsplan zum Muster des Haarausfalls, zur Kapazit\u00e4t des Spenderbereichs und zu den langfristigen Zielen passt. Die zuverl\u00e4ssigsten Ver\u00e4nderungen entstehen durch eine pr\u00e4zise Diagnose, realistische Dichteziele und eine Technik, die das Anwachsen der Grafts sch\u00fctzt und gleichzeitig eine nat\u00fcrliche Haarlinie schafft. Wenn Sie Ergebnisse richtig beurteilen m\u00f6chten, sollten Sie verstehen, was Vorher-Nachher-Fotos tats\u00e4chlich zeigen, wie das Haar nach dem Eingriff w\u00e4chst und welche Faktoren dazu f\u00fchren k\u00f6nnen, dass Resultate besser oder schw\u00e4cher wirken.<\/p>\n","protected":false},"excerpt":{"rendered":"<p>Haartransplantation In Der T\u00fcrkei Vorher Nachher: Was Sie Von Der Beratung Bis Zum Endergebnis Erwarten K\u00f6nnen Vorher-Nachher-Ergebnisse einer Haartransplantation in der T\u00fcrkei k\u00f6nnen sehr eindrucksvoll ausfallen, wenn der Behandlungsplan zum Muster des Haarausfalls, zur Kapazit\u00e4t des Spenderbereichs und zu den langfristigen Zielen passt. Die zuverl\u00e4ssigsten Ver\u00e4nderungen entstehen durch eine pr\u00e4zise Diagnose, realistische Dichteziele und eine [&hellip;]<\/p>\n","protected":false},"author":1,"featured_media":0,"parent":0,"menu_order":0,"comment_status":"closed","ping_status":"closed","template":"template\/page--before-after.php","meta":{"footnotes":""},"class_list":["post-6756","page","type-page","status-publish","hentry"],"_links":{"self":[{"href":"https:\/\/www.sapphirehairclinic.com\/de\/wp-json\/wp\/v2\/pages\/6756","targetHints":{"allow":["GET"]}}],"collection":[{"href":"https:\/\/www.sapphirehairclinic.com\/de\/wp-json\/wp\/v2\/pages"}],"about":[{"href":"https:\/\/www.sapphirehairclinic.com\/de\/wp-json\/wp\/v2\/types\/page"}],"author":[{"embeddable":true,"href":"https:\/\/www.sapphirehairclinic.com\/de\/wp-json\/wp\/v2\/users\/1"}],"replies":[{"embeddable":true,"href":"https:\/\/www.sapphirehairclinic.com\/de\/wp-json\/wp\/v2\/comments?post=6756"}],"version-history":[{"count":7,"href":"https:\/\/www.sapphirehairclinic.com\/de\/wp-json\/wp\/v2\/pages\/6756\/revisions"}],"predecessor-version":[{"id":7047,"href":"https:\/\/www.sapphirehairclinic.com\/de\/wp-json\/wp\/v2\/pages\/6756\/revisions\/7047"}],"wp:attachment":[{"href":"https:\/\/www.sapphirehairclinic.com\/de\/wp-json\/wp\/v2\/media?parent=6756"}],"curies":[{"name":"wp","href":"https:\/\/api.w.org\/{rel}","templated":true}]}}