{"id":4619,"date":"2026-02-23T13:48:12","date_gmt":"2026-02-23T10:48:12","guid":{"rendered":"https:\/\/www.sapphirehairclinic.com\/?page_id=4619"},"modified":"2026-03-25T10:32:52","modified_gmt":"2026-03-25T07:32:52","slug":"uber-die-sapphire-hair-clinic","status":"publish","type":"page","link":"https:\/\/www.sapphirehairclinic.com\/de\/uber-die-sapphire-hair-clinic\/","title":{"rendered":"\u00dcber die Sapphire Hair Clinic"},"content":{"rendered":"<p>Die Sapphire Clinic wird von dem kosmetischen Chirurgen Dr. Mahmut Cengiz gegr\u00fcndet.<\/p>\n<p>Dr. Mahmut Cengiz hat sein Studium an der Medizinischen Fakult\u00e4t der Akdeniz Universit\u00e4t Capa abgeschlossen und sich auf \u00c4sthetische, Plastische und Rekonstruktive Chirurgie spezialisiert.<\/p>\n<p>Dr. Morkoc hat viele verschiedene Arten von Sch\u00f6nheitsoperationen durchgef\u00fchrt und seine Techniken verfeinert, um die besten Ergebnisse f\u00fcr die individuellen Bed\u00fcrfnisse seiner Patienten zu erzielen.<\/p>\n<p>Dr. Morkoc verf\u00fcgt \u00fcber umfangreiche Arbeitserfahrung mit einer Vielzahl verschiedener Ethnien, einschlie\u00dflich nordeurop\u00e4ischer und arabischer Patienten. Er reist h\u00e4ufig nach Deutschland, um f\u00fcr seine europ\u00e4ischen Patienten Operationen durchzuf\u00fchren und seine Patienten zu beraten.<\/p>\n<p>Dr. Mahmut Cengiz ist ein h\u00e4ufiger internationaler Reisender, um sich mit seinen internationalen Patienten und Kollegen, insbesondere in Europa, zu treffen. Er beobachtet aufmerksam die internationalen technischen Entwicklungen und die fortschrittlichsten Methoden f\u00fcr \u00e4sthetische und plastische Operationen und Behandlungen, um mit globalen Fortschritten auf dem Laufenden zu bleiben. Er h\u00e4lt viele Vortr\u00e4ge auf nationalen und internationalen Kongressen und Workshops zu \u00e4sthetischen und plastischen Operationen.<\/p>\n<p>Dr. Morkoc und sein medizinisches Team verf\u00fcgen \u00fcber erfahrene Chirurgen mit hohen Erfolgsraten. Sie haben \u00fcber 25.000 Operationen durchgef\u00fchrt und sind sehr stolz auf ihre Arbeit in den letzten 10 Jahren.<\/p>\n<p>Die \u00c4rzte der Sapphire Clinic sind bestrebt, die bestm\u00f6glichen Ergebnisse zu erzielen und gleichzeitig die Kernwerte der Sapphire Clinic zu wahren: hochwertige Pflege und bemerkenswerter Service.<\/p>\n<p>Sowohl das medizinische als auch das administrative Team der Sapphire Clinic beantworten gerne Ihre m\u00f6glichen Fragen zu allen \u00e4sthetischen und plastischen Operationen.<\/p>\n<div id='gallery-1' class='gallery galleryid-4619 gallery-columns-3 gallery-size-full'><figure class='gallery-item'>\n\t\t\t<div class='gallery-icon landscape'>\n\t\t\t\t<a href='https:\/\/www.sapphirehairclinic.com\/de\/wp-content\/uploads\/2026\/02\/thumbs-clinic-logolu-4-699c33920fc15.webp'><img loading=\"lazy\" decoding=\"async\" width=\"240\" height=\"160\" src=\"https:\/\/www.sapphirehairclinic.com\/de\/wp-content\/uploads\/2026\/02\/thumbs-clinic-logolu-4-699c33920fc15.webp\" class=\"attachment-full size-full\" alt=\"\" \/><\/a>\n\t\t\t<\/div><\/figure><figure class='gallery-item'>\n\t\t\t<div class='gallery-icon landscape'>\n\t\t\t\t<a href='https:\/\/www.sapphirehairclinic.com\/de\/wp-content\/uploads\/2026\/02\/thumbs-clinic-logolu-7-699c33927c474.webp'><img loading=\"lazy\" decoding=\"async\" width=\"240\" height=\"160\" src=\"https:\/\/www.sapphirehairclinic.com\/de\/wp-content\/uploads\/2026\/02\/thumbs-clinic-logolu-7-699c33927c474.webp\" class=\"attachment-full size-full\" alt=\"\" \/><\/a>\n\t\t\t<\/div><\/figure><figure class='gallery-item'>\n\t\t\t<div class='gallery-icon landscape'>\n\t\t\t\t<a href='https:\/\/www.sapphirehairclinic.com\/de\/wp-content\/uploads\/2026\/02\/thumbs-clinic-logolu-2-699c33929f5e9.webp'><img loading=\"lazy\" decoding=\"async\" width=\"240\" height=\"160\" src=\"https:\/\/www.sapphirehairclinic.com\/de\/wp-content\/uploads\/2026\/02\/thumbs-clinic-logolu-2-699c33929f5e9.webp\" class=\"attachment-full size-full\" alt=\"\" \/><\/a>\n\t\t\t<\/div><\/figure><figure class='gallery-item'>\n\t\t\t<div class='gallery-icon landscape'>\n\t\t\t\t<a href='https:\/\/www.sapphirehairclinic.com\/de\/wp-content\/uploads\/2026\/02\/thumbs-clinic-logolu-1-699c3392e7f45.webp'><img loading=\"lazy\" decoding=\"async\" width=\"240\" height=\"160\" src=\"https:\/\/www.sapphirehairclinic.com\/de\/wp-content\/uploads\/2026\/02\/thumbs-clinic-logolu-1-699c3392e7f45.webp\" class=\"attachment-full size-full\" alt=\"\" \/><\/a>\n\t\t\t<\/div><\/figure><figure class='gallery-item'>\n\t\t\t<div class='gallery-icon landscape'>\n\t\t\t\t<a href='https:\/\/www.sapphirehairclinic.com\/de\/wp-content\/uploads\/2026\/02\/thumbs-clinic-logolu-3-699c339317914.webp'><img loading=\"lazy\" decoding=\"async\" width=\"240\" height=\"160\" src=\"https:\/\/www.sapphirehairclinic.com\/de\/wp-content\/uploads\/2026\/02\/thumbs-clinic-logolu-3-699c339317914.webp\" class=\"attachment-full size-full\" alt=\"\" \/><\/a>\n\t\t\t<\/div><\/figure><figure class='gallery-item'>\n\t\t\t<div class='gallery-icon landscape'>\n\t\t\t\t<a href='https:\/\/www.sapphirehairclinic.com\/de\/wp-content\/uploads\/2026\/02\/thumbs-clinic-logolu-11-699c3392325fb.webp'><img loading=\"lazy\" decoding=\"async\" width=\"240\" height=\"160\" src=\"https:\/\/www.sapphirehairclinic.com\/de\/wp-content\/uploads\/2026\/02\/thumbs-clinic-logolu-11-699c3392325fb.webp\" class=\"attachment-full size-full\" alt=\"\" \/><\/a>\n\t\t\t<\/div><\/figure>\n\t\t<\/div>\n\n","protected":false},"excerpt":{"rendered":"<p>Die Sapphire Clinic wird von dem kosmetischen Chirurgen Dr. Mahmut Cengiz gegr\u00fcndet. Dr. Mahmut Cengiz hat sein Studium an der Medizinischen Fakult\u00e4t der Akdeniz Universit\u00e4t Capa abgeschlossen und sich auf \u00c4sthetische, Plastische und Rekonstruktive Chirurgie spezialisiert. Dr. Morkoc hat viele verschiedene Arten von Sch\u00f6nheitsoperationen durchgef\u00fchrt und seine Techniken verfeinert, um die besten Ergebnisse f\u00fcr die [&hellip;]<\/p>\n","protected":false},"author":1,"featured_media":0,"parent":0,"menu_order":0,"comment_status":"closed","ping_status":"closed","template":"","meta":{"footnotes":""},"class_list":["post-4619","page","type-page","status-publish","hentry"],"_links":{"self":[{"href":"https:\/\/www.sapphirehairclinic.com\/de\/wp-json\/wp\/v2\/pages\/4619","targetHints":{"allow":["GET"]}}],"collection":[{"href":"https:\/\/www.sapphirehairclinic.com\/de\/wp-json\/wp\/v2\/pages"}],"about":[{"href":"https:\/\/www.sapphirehairclinic.com\/de\/wp-json\/wp\/v2\/types\/page"}],"author":[{"embeddable":true,"href":"https:\/\/www.sapphirehairclinic.com\/de\/wp-json\/wp\/v2\/users\/1"}],"replies":[{"embeddable":true,"href":"https:\/\/www.sapphirehairclinic.com\/de\/wp-json\/wp\/v2\/comments?post=4619"}],"version-history":[{"count":2,"href":"https:\/\/www.sapphirehairclinic.com\/de\/wp-json\/wp\/v2\/pages\/4619\/revisions"}],"predecessor-version":[{"id":6855,"href":"https:\/\/www.sapphirehairclinic.com\/de\/wp-json\/wp\/v2\/pages\/4619\/revisions\/6855"}],"wp:attachment":[{"href":"https:\/\/www.sapphirehairclinic.com\/de\/wp-json\/wp\/v2\/media?parent=4619"}],"curies":[{"name":"wp","href":"https:\/\/api.w.org\/{rel}","templated":true}]}}