{"id":4616,"date":"2026-02-23T16:58:20","date_gmt":"2026-02-23T13:58:20","guid":{"rendered":"https:\/\/www.sapphirehairclinic.com\/?page_id=4616"},"modified":"2026-03-25T10:34:06","modified_gmt":"2026-03-25T07:34:06","slug":"ueber-uns","status":"publish","type":"page","link":"https:\/\/www.sapphirehairclinic.com\/de\/ueber-uns\/","title":{"rendered":"\u00dcber uns"},"content":{"rendered":"<h2>Unsere Geschichte<\/h2>\n<p>Die Sapphire Hair Clinic liegt g\u00fcnstig im Zentrum von Istanbul in der T\u00fcrkei.<\/p>\n<p>Es bietet hervorragende Zahn\u00e4sthetik, plastische Chirurgie und Haartransplantationsdienste zu erschwinglichen Kosten.<\/p>\n<p>Unsere Klinik legt Wert auf patientenzentrierte Versorgung und arbeitet nach dem Motto \u201eGesundheitsversorgung f\u00fcr alle\u201c. Zu unseren Grundprinzipien geh\u00f6ren Exzellenz, Innovation, Integrit\u00e4t, hochwertige Therapien, individuelle Betreuung sowie Patientenkomfort und -zufriedenheit.<\/p>\n<h2>Bezaubernde Hotelaufenthalte f\u00fcr unsere Patienten<\/h2>\n<p>In unserem opulenten Hotel am Meer finden Sie erstklassige Unterk\u00fcnfte, die ein H\u00f6chstma\u00df an Komfort und Stil verk\u00f6rpern. Es liegt in der N\u00e4he des Istanbuler Aquariums und bietet zahlreiche tolle Annehmlichkeiten sowie moderne Unterk\u00fcnfte.<\/p>\n<p>Kostenloses WLAN, ein Flachbild-TV und ein Kaffee-\/Teekocher sind in jedem Zimmer vorhanden. W\u00e4hrend einige Zimmer \u00fcber einen separaten Wohnbereich verf\u00fcgen, bieten andere Zugang zum Freizeitbereich und einige bieten sogar Meerblick.<\/p>\n<p>Kostenloser Zimmerservice, kostenlose Parkpl\u00e4tze, ein kostenloses Fr\u00fchst\u00fccksbuffet, eine Massage, ein Fitnessstudio und ein Au\u00dfenpool stehen unseren Patienten zur Verf\u00fcgung. Die schicken Restaurants und die Lobbybar strahlen Eleganz aus und verbessern das Gesamterlebnis der G\u00e4ste.<\/p>\n<h3>Die Sapphire Hair Clinic: Warum sie w\u00e4hlen?<\/h3>\n<p>Unser Ziel in der Sapphire Hair Clinic ist es, unseren Patienten den bestm\u00f6glichen Service zu bieten. Unser kompetentes Team kann Ihre Erwartungen \u00fcbertreffen und problemlos jede plastische Operation durchf\u00fchren, Ihr L\u00e4cheln verbessern oder Ihr nat\u00fcrliches Haarwachstum f\u00f6rdern.<\/p>\n<p>Wir setzen modernste Techniken und modernste Technologie ein, um eine hervorragende Pflege zu bieten und unseren Patienten gr\u00f6\u00dftm\u00f6glichen Komfort und Zufriedenheit zu garantieren. Die aufrichtigen Erfahrungsberichte unserer Patienten zeugen von der un\u00fcbertroffenen Kompetenz und dem Engagement unserer Spezialisten f\u00fcr einwandfreie Ergebnisse.<\/p>\n<p>Kontaktieren Sie uns f\u00fcr ein kostenloses Beratungsgespr\u00e4ch, wenn Sie weitere Fragen zu unserer Klinik haben oder an unseren Leistungen interessiert sind.<\/p>\n<p>Die Dienstleistungen in der eigenen Einrichtung der Sapphire Hair Clinic werden sehr bald verf\u00fcgbar sein.<\/p>\n","protected":false},"excerpt":{"rendered":"<p>Unsere Geschichte Die Sapphire Hair Clinic liegt g\u00fcnstig im Zentrum von Istanbul in der T\u00fcrkei. Es bietet hervorragende Zahn\u00e4sthetik, plastische Chirurgie und Haartransplantationsdienste zu erschwinglichen Kosten. Unsere Klinik legt Wert auf patientenzentrierte Versorgung und arbeitet nach dem Motto \u201eGesundheitsversorgung f\u00fcr alle\u201c. Zu unseren Grundprinzipien geh\u00f6ren Exzellenz, Innovation, Integrit\u00e4t, hochwertige Therapien, individuelle Betreuung sowie Patientenkomfort und [&hellip;]<\/p>\n","protected":false},"author":1,"featured_media":4617,"parent":0,"menu_order":0,"comment_status":"closed","ping_status":"closed","template":"","meta":{"footnotes":""},"class_list":["post-4616","page","type-page","status-publish","has-post-thumbnail","hentry"],"_links":{"self":[{"href":"https:\/\/www.sapphirehairclinic.com\/de\/wp-json\/wp\/v2\/pages\/4616","targetHints":{"allow":["GET"]}}],"collection":[{"href":"https:\/\/www.sapphirehairclinic.com\/de\/wp-json\/wp\/v2\/pages"}],"about":[{"href":"https:\/\/www.sapphirehairclinic.com\/de\/wp-json\/wp\/v2\/types\/page"}],"author":[{"embeddable":true,"href":"https:\/\/www.sapphirehairclinic.com\/de\/wp-json\/wp\/v2\/users\/1"}],"replies":[{"embeddable":true,"href":"https:\/\/www.sapphirehairclinic.com\/de\/wp-json\/wp\/v2\/comments?post=4616"}],"version-history":[{"count":1,"href":"https:\/\/www.sapphirehairclinic.com\/de\/wp-json\/wp\/v2\/pages\/4616\/revisions"}],"predecessor-version":[{"id":4618,"href":"https:\/\/www.sapphirehairclinic.com\/de\/wp-json\/wp\/v2\/pages\/4616\/revisions\/4618"}],"wp:featuredmedia":[{"embeddable":true,"href":"https:\/\/www.sapphirehairclinic.com\/de\/wp-json\/wp\/v2\/media\/4617"}],"wp:attachment":[{"href":"https:\/\/www.sapphirehairclinic.com\/de\/wp-json\/wp\/v2\/media?parent=4616"}],"curies":[{"name":"wp","href":"https:\/\/api.w.org\/{rel}","templated":true}]}}