{"id":4560,"date":"2026-02-23T13:19:08","date_gmt":"2026-02-23T10:19:08","guid":{"rendered":"https:\/\/www.sapphirehairclinic.com\/?page_id=4560"},"modified":"2026-03-25T10:35:57","modified_gmt":"2026-03-25T07:35:57","slug":"unser-hotel","status":"publish","type":"page","link":"https:\/\/www.sapphirehairclinic.com\/de\/unser-hotel\/","title":{"rendered":"Unser Hotel"},"content":{"rendered":"<h2>Hotelinformation<\/h2>\n<p>Dieses luxuri\u00f6se Strandhotel neben dem Istanbul Aquarium ist 2\u00a0km vom Florya Atat\u00fcrk Marine Mansion und 5\u00a0km vom Istanbul Aviation Museum entfernt.<\/p>\n<p>Die modernen Zimmer mit farbenfrohen Details verf\u00fcgen \u00fcber kostenloses WLAN, einen Flachbildfernseher und eine Tee-\/Kaffeemaschine. Die Zimmer der Oberklasse verf\u00fcgen \u00fcber Sitzbereiche und \/ oder Meerblick. Club-Zimmer bieten zus\u00e4tzlich Zugang zum Ruhebereich und kostenloses Fr\u00fchst\u00fcck. Die Suiten verf\u00fcgen \u00fcber ein separates Wohnzimmer. Zimmerservice ist verf\u00fcgbar.<\/p>\n<p>Das Parken ist kostenlos. Ein Fr\u00fchst\u00fccksbuffet wird im stilvollen Restaurant serviert. Es gibt auch ein elegantes mediterranes Restaurant und eine Lobbybar. Zu den weiteren Einrichtungen geh\u00f6ren ein Au\u00dfenpool, ein Spa und ein Fitnessraum.<\/p>\n<p>&nbsp;<\/p>\n<div id='gallery-1' class='gallery galleryid-4560 gallery-columns-3 gallery-size-full'><figure class='gallery-item'>\n\t\t\t<div class='gallery-icon landscape'>\n\t\t\t\t<a href='https:\/\/www.sapphirehairclinic.com\/de\/wp-content\/uploads\/2026\/02\/4-3-699c2e710e252.webp'><img loading=\"lazy\" decoding=\"async\" width=\"1000\" height=\"725\" src=\"https:\/\/www.sapphirehairclinic.com\/de\/wp-content\/uploads\/2026\/02\/4-3-699c2e710e252.webp\" class=\"attachment-full size-full\" alt=\"\" srcset=\"https:\/\/www.sapphirehairclinic.com\/de\/wp-content\/uploads\/2026\/02\/4-3-699c2e710e252.webp 1000w, https:\/\/www.sapphirehairclinic.com\/de\/wp-content\/uploads\/2026\/02\/4-3-699c2e710e252-300x218.webp 300w, https:\/\/www.sapphirehairclinic.com\/de\/wp-content\/uploads\/2026\/02\/4-3-699c2e710e252-768x557.webp 768w\" sizes=\"auto, (max-width: 1000px) 100vw, 1000px\" \/><\/a>\n\t\t\t<\/div><\/figure><figure class='gallery-item'>\n\t\t\t<div class='gallery-icon landscape'>\n\t\t\t\t<a href='https:\/\/www.sapphirehairclinic.com\/de\/wp-content\/uploads\/2026\/02\/5-3-699c2e7520b36.webp'><img loading=\"lazy\" decoding=\"async\" width=\"1000\" height=\"667\" src=\"https:\/\/www.sapphirehairclinic.com\/de\/wp-content\/uploads\/2026\/02\/5-3-699c2e7520b36.webp\" class=\"attachment-full size-full\" alt=\"\" srcset=\"https:\/\/www.sapphirehairclinic.com\/de\/wp-content\/uploads\/2026\/02\/5-3-699c2e7520b36.webp 1000w, https:\/\/www.sapphirehairclinic.com\/de\/wp-content\/uploads\/2026\/02\/5-3-699c2e7520b36-300x200.webp 300w, https:\/\/www.sapphirehairclinic.com\/de\/wp-content\/uploads\/2026\/02\/5-3-699c2e7520b36-768x512.webp 768w\" sizes=\"auto, (max-width: 1000px) 100vw, 1000px\" \/><\/a>\n\t\t\t<\/div><\/figure><figure class='gallery-item'>\n\t\t\t<div class='gallery-icon landscape'>\n\t\t\t\t<a href='https:\/\/www.sapphirehairclinic.com\/de\/wp-content\/uploads\/2026\/02\/6-3-699c2e740fd58.webp'><img loading=\"lazy\" decoding=\"async\" width=\"1000\" height=\"688\" src=\"https:\/\/www.sapphirehairclinic.com\/de\/wp-content\/uploads\/2026\/02\/6-3-699c2e740fd58.webp\" class=\"attachment-full size-full\" alt=\"\" srcset=\"https:\/\/www.sapphirehairclinic.com\/de\/wp-content\/uploads\/2026\/02\/6-3-699c2e740fd58.webp 1000w, https:\/\/www.sapphirehairclinic.com\/de\/wp-content\/uploads\/2026\/02\/6-3-699c2e740fd58-300x206.webp 300w, https:\/\/www.sapphirehairclinic.com\/de\/wp-content\/uploads\/2026\/02\/6-3-699c2e740fd58-768x528.webp 768w\" sizes=\"auto, (max-width: 1000px) 100vw, 1000px\" \/><\/a>\n\t\t\t<\/div><\/figure><figure class='gallery-item'>\n\t\t\t<div class='gallery-icon landscape'>\n\t\t\t\t<a href='https:\/\/www.sapphirehairclinic.com\/de\/wp-content\/uploads\/2026\/02\/7-3-699c2e7611cd7.webp'><img loading=\"lazy\" decoding=\"async\" width=\"1000\" height=\"687\" src=\"https:\/\/www.sapphirehairclinic.com\/de\/wp-content\/uploads\/2026\/02\/7-3-699c2e7611cd7.webp\" class=\"attachment-full size-full\" alt=\"\" srcset=\"https:\/\/www.sapphirehairclinic.com\/de\/wp-content\/uploads\/2026\/02\/7-3-699c2e7611cd7.webp 1000w, https:\/\/www.sapphirehairclinic.com\/de\/wp-content\/uploads\/2026\/02\/7-3-699c2e7611cd7-300x206.webp 300w, https:\/\/www.sapphirehairclinic.com\/de\/wp-content\/uploads\/2026\/02\/7-3-699c2e7611cd7-768x528.webp 768w\" sizes=\"auto, (max-width: 1000px) 100vw, 1000px\" \/><\/a>\n\t\t\t<\/div><\/figure><figure class='gallery-item'>\n\t\t\t<div class='gallery-icon landscape'>\n\t\t\t\t<a href='https:\/\/www.sapphirehairclinic.com\/de\/wp-content\/uploads\/2026\/02\/8-3-699c2e777276b.webp'><img loading=\"lazy\" decoding=\"async\" width=\"1000\" height=\"752\" src=\"https:\/\/www.sapphirehairclinic.com\/de\/wp-content\/uploads\/2026\/02\/8-3-699c2e777276b.webp\" class=\"attachment-full size-full\" alt=\"\" srcset=\"https:\/\/www.sapphirehairclinic.com\/de\/wp-content\/uploads\/2026\/02\/8-3-699c2e777276b.webp 1000w, https:\/\/www.sapphirehairclinic.com\/de\/wp-content\/uploads\/2026\/02\/8-3-699c2e777276b-300x226.webp 300w, https:\/\/www.sapphirehairclinic.com\/de\/wp-content\/uploads\/2026\/02\/8-3-699c2e777276b-768x578.webp 768w\" sizes=\"auto, (max-width: 1000px) 100vw, 1000px\" \/><\/a>\n\t\t\t<\/div><\/figure><figure class='gallery-item'>\n\t\t\t<div class='gallery-icon landscape'>\n\t\t\t\t<a href='https:\/\/www.sapphirehairclinic.com\/de\/wp-content\/uploads\/2026\/02\/3-3-699c2e7036434.webp'><img loading=\"lazy\" decoding=\"async\" width=\"1000\" height=\"614\" src=\"https:\/\/www.sapphirehairclinic.com\/de\/wp-content\/uploads\/2026\/02\/3-3-699c2e7036434.webp\" class=\"attachment-full size-full\" alt=\"\" srcset=\"https:\/\/www.sapphirehairclinic.com\/de\/wp-content\/uploads\/2026\/02\/3-3-699c2e7036434.webp 1000w, https:\/\/www.sapphirehairclinic.com\/de\/wp-content\/uploads\/2026\/02\/3-3-699c2e7036434-300x184.webp 300w, https:\/\/www.sapphirehairclinic.com\/de\/wp-content\/uploads\/2026\/02\/3-3-699c2e7036434-768x472.webp 768w\" sizes=\"auto, (max-width: 1000px) 100vw, 1000px\" \/><\/a>\n\t\t\t<\/div><\/figure><figure class='gallery-item'>\n\t\t\t<div class='gallery-icon landscape'>\n\t\t\t\t<a href='https:\/\/www.sapphirehairclinic.com\/de\/wp-content\/uploads\/2026\/02\/2-3-699c2e6ec61b8.webp'><img loading=\"lazy\" decoding=\"async\" width=\"1000\" height=\"500\" src=\"https:\/\/www.sapphirehairclinic.com\/de\/wp-content\/uploads\/2026\/02\/2-3-699c2e6ec61b8.webp\" class=\"attachment-full size-full\" alt=\"\" srcset=\"https:\/\/www.sapphirehairclinic.com\/de\/wp-content\/uploads\/2026\/02\/2-3-699c2e6ec61b8.webp 1000w, https:\/\/www.sapphirehairclinic.com\/de\/wp-content\/uploads\/2026\/02\/2-3-699c2e6ec61b8-300x150.webp 300w, https:\/\/www.sapphirehairclinic.com\/de\/wp-content\/uploads\/2026\/02\/2-3-699c2e6ec61b8-768x384.webp 768w\" sizes=\"auto, (max-width: 1000px) 100vw, 1000px\" \/><\/a>\n\t\t\t<\/div><\/figure><figure class='gallery-item'>\n\t\t\t<div class='gallery-icon portrait'>\n\t\t\t\t<a href='https:\/\/www.sapphirehairclinic.com\/de\/wp-content\/uploads\/2026\/02\/1-2-699c2e6e3df47.webp'><img loading=\"lazy\" decoding=\"async\" width=\"953\" height=\"1200\" src=\"https:\/\/www.sapphirehairclinic.com\/de\/wp-content\/uploads\/2026\/02\/1-2-699c2e6e3df47.webp\" class=\"attachment-full size-full\" alt=\"\" srcset=\"https:\/\/www.sapphirehairclinic.com\/de\/wp-content\/uploads\/2026\/02\/1-2-699c2e6e3df47.webp 953w, https:\/\/www.sapphirehairclinic.com\/de\/wp-content\/uploads\/2026\/02\/1-2-699c2e6e3df47-238x300.webp 238w, https:\/\/www.sapphirehairclinic.com\/de\/wp-content\/uploads\/2026\/02\/1-2-699c2e6e3df47-813x1024.webp 813w, https:\/\/www.sapphirehairclinic.com\/de\/wp-content\/uploads\/2026\/02\/1-2-699c2e6e3df47-768x967.webp 768w\" sizes=\"auto, (max-width: 953px) 100vw, 953px\" \/><\/a>\n\t\t\t<\/div><\/figure>\n\t\t<\/div>\n\n<p>&nbsp;<\/p>\n","protected":false},"excerpt":{"rendered":"<p>Hotelinformation Dieses luxuri\u00f6se Strandhotel neben dem Istanbul Aquarium ist 2\u00a0km vom Florya Atat\u00fcrk Marine Mansion und 5\u00a0km vom Istanbul Aviation Museum entfernt. Die modernen Zimmer mit farbenfrohen Details verf\u00fcgen \u00fcber kostenloses WLAN, einen Flachbildfernseher und eine Tee-\/Kaffeemaschine. Die Zimmer der Oberklasse verf\u00fcgen \u00fcber Sitzbereiche und \/ oder Meerblick. Club-Zimmer bieten zus\u00e4tzlich Zugang zum Ruhebereich und [&hellip;]<\/p>\n","protected":false},"author":1,"featured_media":0,"parent":0,"menu_order":0,"comment_status":"closed","ping_status":"closed","template":"","meta":{"footnotes":""},"class_list":["post-4560","page","type-page","status-publish","hentry"],"_links":{"self":[{"href":"https:\/\/www.sapphirehairclinic.com\/de\/wp-json\/wp\/v2\/pages\/4560","targetHints":{"allow":["GET"]}}],"collection":[{"href":"https:\/\/www.sapphirehairclinic.com\/de\/wp-json\/wp\/v2\/pages"}],"about":[{"href":"https:\/\/www.sapphirehairclinic.com\/de\/wp-json\/wp\/v2\/types\/page"}],"author":[{"embeddable":true,"href":"https:\/\/www.sapphirehairclinic.com\/de\/wp-json\/wp\/v2\/users\/1"}],"replies":[{"embeddable":true,"href":"https:\/\/www.sapphirehairclinic.com\/de\/wp-json\/wp\/v2\/comments?post=4560"}],"version-history":[{"count":4,"href":"https:\/\/www.sapphirehairclinic.com\/de\/wp-json\/wp\/v2\/pages\/4560\/revisions"}],"predecessor-version":[{"id":6857,"href":"https:\/\/www.sapphirehairclinic.com\/de\/wp-json\/wp\/v2\/pages\/4560\/revisions\/6857"}],"wp:attachment":[{"href":"https:\/\/www.sapphirehairclinic.com\/de\/wp-json\/wp\/v2\/media?parent=4560"}],"curies":[{"name":"wp","href":"https:\/\/api.w.org\/{rel}","templated":true}]}}